{"id":126,"date":"2020-01-23T22:31:53","date_gmt":"2020-01-23T22:31:53","guid":{"rendered":"http:\/\/www.carlosbretschneider.de\/?page_id=126"},"modified":"2020-08-03T21:31:20","modified_gmt":"2020-08-03T21:31:20","slug":"bastelprojekt-h-bruecke","status":"publish","type":"page","link":"https:\/\/www.carlosbretschneider.de\/?page_id=126","title":{"rendered":"Universelle H-Br\u00fccke"},"content":{"rendered":"\n<p>F\u00fcr ein Projekt an der Hochschule M\u00fcnchen musste ich einen geeigneten Motorregler f\u00fcr einen kleinen Roboter entwickeln. Um das Projekt etwas spannender zu gestalten, entschied ich mich, diese H-Br\u00fccke diskret aufzubauen, d.H: keine fertige Ansteuerschaltung zu verwenden, sondern alles durch Gatter zu steuern.<\/p>\n\n\n\n<figure class=\"wp-block-image size-large\"><img loading=\"lazy\" decoding=\"async\" width=\"1024\" height=\"1022\" src=\"https:\/\/www.carlosbretschneider.de\/wp-content\/uploads\/2020\/01\/Platine-Projekt-AT-1024x1022.png\" alt=\"\" class=\"wp-image-127\" srcset=\"https:\/\/www.carlosbretschneider.de\/wp-content\/uploads\/2020\/01\/Platine-Projekt-AT-1024x1022.png 1024w, https:\/\/www.carlosbretschneider.de\/wp-content\/uploads\/2020\/01\/Platine-Projekt-AT-300x300.png 300w, https:\/\/www.carlosbretschneider.de\/wp-content\/uploads\/2020\/01\/Platine-Projekt-AT-150x150.png 150w, https:\/\/www.carlosbretschneider.de\/wp-content\/uploads\/2020\/01\/Platine-Projekt-AT-768x766.png 768w, https:\/\/www.carlosbretschneider.de\/wp-content\/uploads\/2020\/01\/Platine-Projekt-AT-1536x1532.png 1536w, https:\/\/www.carlosbretschneider.de\/wp-content\/uploads\/2020\/01\/Platine-Projekt-AT.png 1722w\" sizes=\"auto, (max-width: 1024px) 100vw, 1024px\" \/><\/figure>\n","protected":false},"excerpt":{"rendered":"<p>F\u00fcr ein Projekt an der Hochschule M\u00fcnchen musste ich einen geeigneten Motorregler f\u00fcr einen kleinen Roboter entwickeln. Um das Projekt etwas spannender zu gestalten, entschied ich mich, diese H-Br\u00fccke diskret aufzubauen, d.H: keine fertige Ansteuerschaltung zu verwenden, sondern alles durch Gatter zu steuern.<\/p>\n","protected":false},"author":1,"featured_media":0,"parent":0,"menu_order":0,"comment_status":"closed","ping_status":"closed","template":"","meta":{"footnotes":""},"class_list":["post-126","page","type-page","status-publish","hentry","nodate","item-wrap"],"_links":{"self":[{"href":"https:\/\/www.carlosbretschneider.de\/index.php?rest_route=\/wp\/v2\/pages\/126","targetHints":{"allow":["GET"]}}],"collection":[{"href":"https:\/\/www.carlosbretschneider.de\/index.php?rest_route=\/wp\/v2\/pages"}],"about":[{"href":"https:\/\/www.carlosbretschneider.de\/index.php?rest_route=\/wp\/v2\/types\/page"}],"author":[{"embeddable":true,"href":"https:\/\/www.carlosbretschneider.de\/index.php?rest_route=\/wp\/v2\/users\/1"}],"replies":[{"embeddable":true,"href":"https:\/\/www.carlosbretschneider.de\/index.php?rest_route=%2Fwp%2Fv2%2Fcomments&post=126"}],"version-history":[{"count":2,"href":"https:\/\/www.carlosbretschneider.de\/index.php?rest_route=\/wp\/v2\/pages\/126\/revisions"}],"predecessor-version":[{"id":258,"href":"https:\/\/www.carlosbretschneider.de\/index.php?rest_route=\/wp\/v2\/pages\/126\/revisions\/258"}],"wp:attachment":[{"href":"https:\/\/www.carlosbretschneider.de\/index.php?rest_route=%2Fwp%2Fv2%2Fmedia&parent=126"}],"curies":[{"name":"wp","href":"https:\/\/api.w.org\/{rel}","templated":true}]}}