{"id":139,"date":"2020-08-02T22:23:34","date_gmt":"2020-08-02T22:23:34","guid":{"rendered":"http:\/\/www.carlosbretschneider.de\/?page_id=139"},"modified":"2020-08-03T20:43:40","modified_gmt":"2020-08-03T20:43:40","slug":"heuberg","status":"publish","type":"page","link":"https:\/\/www.carlosbretschneider.de\/?page_id=139","title":{"rendered":"Nachtwanderung Heuberg\/Wasserwand"},"content":{"rendered":"\n<p>Der Heuberg ist mit seinen 1338m einer der eher niedrigen Berge der Alpen. Durch seine exponierte Lage am rande des Inntales bietet er dennoch eine traumhafte Fernsicht auf das Inntal und auf der anderen Seite in die Alpen und dem Chiemsee. <\/p>\n\n\n\n<figure class=\"wp-block-image size-large\"><img loading=\"lazy\" decoding=\"async\" width=\"1024\" height=\"683\" src=\"https:\/\/www.carlosbretschneider.de\/wp-content\/uploads\/2020\/08\/IMG_1727-1024x683.jpg\" alt=\"\" class=\"wp-image-153\" srcset=\"https:\/\/www.carlosbretschneider.de\/wp-content\/uploads\/2020\/08\/IMG_1727-1024x683.jpg 1024w, https:\/\/www.carlosbretschneider.de\/wp-content\/uploads\/2020\/08\/IMG_1727-300x200.jpg 300w, https:\/\/www.carlosbretschneider.de\/wp-content\/uploads\/2020\/08\/IMG_1727-768x512.jpg 768w, https:\/\/www.carlosbretschneider.de\/wp-content\/uploads\/2020\/08\/IMG_1727-2048x1365.jpg 2048w\" sizes=\"auto, (max-width: 1024px) 100vw, 1024px\" \/><\/figure>\n\n\n\n<p>Die Wanderung ist recht einfach. Vom Parkplatz f\u00fchrt ein teils geschotterter, teils betonierter Weg zu den Almh\u00fctten auf halber H\u00f6he. Von dort quert man eine Kuhweide (Vor allem Nachts sollte man auf die K\u00fche aufpassen und m\u00f6glichst viel Abstand halten), und folgt einem steilen Pfad in Serpentinen bis zum Gipfel. Schwindelfreie k\u00f6nnen anschlie\u00dfend noch 15min \u00fcber den mit Stahlseilen gesicherten Weg zum Gipfel der danebenliegenden Wasserwand aufsteigen.<\/p>\n\n\n\n<figure class=\"wp-block-image size-large\"><img loading=\"lazy\" decoding=\"async\" width=\"1024\" height=\"470\" src=\"https:\/\/www.carlosbretschneider.de\/wp-content\/uploads\/2020\/08\/IMG_20200730_060725-1024x470.jpg\" alt=\"\" class=\"wp-image-155\" srcset=\"https:\/\/www.carlosbretschneider.de\/wp-content\/uploads\/2020\/08\/IMG_20200730_060725-1024x470.jpg 1024w, https:\/\/www.carlosbretschneider.de\/wp-content\/uploads\/2020\/08\/IMG_20200730_060725-300x138.jpg 300w, https:\/\/www.carlosbretschneider.de\/wp-content\/uploads\/2020\/08\/IMG_20200730_060725-768x352.jpg 768w, https:\/\/www.carlosbretschneider.de\/wp-content\/uploads\/2020\/08\/IMG_20200730_060725-1536x704.jpg 1536w, https:\/\/www.carlosbretschneider.de\/wp-content\/uploads\/2020\/08\/IMG_20200730_060725-2048x939.jpg 2048w\" sizes=\"auto, (max-width: 1024px) 100vw, 1024px\" \/><\/figure>\n\n\n\n<ul class=\"wp-block-list\"><li>Anfahrt von M\u00fcnchen: 80km \/ ca. 1h<\/li><li>Aufstieg: 3,5km \/ ca. 1:30h<\/li><li>Abstieg: 3,5km \/ ca. 1:15h<\/li><li>Umweg Wasserwand: 0,5km \/ ca. 0:25h<\/li><li>H\u00f6henmeter: ca. 600m<\/li><\/ul>\n\n\n<p><div class=\"leaflet-map WPLeafletMap\" style=\"height:250px; width:100%;\"><\/div><script>\nwindow.WPLeafletMapPlugin = window.WPLeafletMapPlugin || [];\nwindow.WPLeafletMapPlugin.push(function WPLeafletMapShortcode() {\/*<script>*\/\nvar baseUrl = atob('aHR0cHM6Ly97c30udGlsZS5vcGVuc3RyZWV0bWFwLm9yZy97en0ve3h9L3t5fS5wbmc=');\nvar base = (!baseUrl && window.MQ) ?\n    window.MQ.mapLayer() : L.tileLayer(baseUrl,\n        L.Util.extend({}, {\n            detectRetina: 0,\n        },\n        {\"subdomains\":\"abc\",\"noWrap\":false,\"maxZoom\":20}        )\n    );\n    var options = L.Util.extend({}, {\n        layers: [base],\n        attributionControl: false\n    },\n    {\"zoomControl\":false,\"scrollWheelZoom\":false,\"doubleClickZoom\":false,\"fitBounds\":false,\"minZoom\":0,\"maxZoom\":20,\"maxBounds\":null,\"attribution\":\"<a href=\\\"http:\\\/\\\/leafletjs.com\\\" title=\\\"Eine Javascript-Bibliothek f\\u00fcr interaktive Karten\\\">Leaflet<\\\/a>; \\\\r\\\\n\\u00a9 <a href=\\\"http:\\\/\\\/www.openstreetmap.org\\\/copyright\\\">OpenStreetMap<\\\/a> Mitwirkende\"},\n    {});\nwindow.WPLeafletMapPlugin.createMap(options).setView([47.742505,12.2059121],12);});<\/script><br \/>\n<script>\nwindow.WPLeafletMapPlugin = window.WPLeafletMapPlugin || [];\nwindow.WPLeafletMapPlugin.push(function WPLeafletMarkerShortcode() {\/*<script>*\/\nvar map = window.WPLeafletMapPlugin.getCurrentMap();\nvar group = window.WPLeafletMapPlugin.getCurrentGroup();\nvar marker_options = window.WPLeafletMapPlugin.getIconOptions({});\nvar marker = L.marker(\n    [0,0],\n    marker_options\n);\nvar is_image = map.is_image_map;\n    marker.setLatLng( map.getCenter() );\nif (marker_options.draggable) {\n    marker.on('dragend', function () {\n        var latlng = this.getLatLng();\n        var lat = latlng.lat;\n        var lng = latlng.lng;\n        if (is_image) {\n            console.log('leaflet-marker y=' + lat + ' x=' + lng);\n        } else {\n            console.log('leaflet-marker lat=' + lat + ' lng=' + lng);\n        }\n    });\n}\nmarker.addTo( group );\nwindow.WPLeafletMapPlugin.markers.push( marker );\n        });<\/script><\/p>\n","protected":false},"excerpt":{"rendered":"<p>Der Heuberg ist mit seinen 1338m einer der eher niedrigen Berge der Alpen. Durch seine exponierte Lage am rande des Inntales bietet er dennoch eine traumhafte Fernsicht auf das Inntal und auf der anderen Seite in die Alpen und dem Chiemsee. Die Wanderung ist recht einfach. Vom Parkplatz f\u00fchrt ein teils geschotterter, teils betonierter Weg &hellip; <\/p>\n<p><a class=\"more-link btn\" href=\"https:\/\/www.carlosbretschneider.de\/?page_id=139\">Weiterlesen<\/a><\/p>\n","protected":false},"author":1,"featured_media":0,"parent":0,"menu_order":0,"comment_status":"closed","ping_status":"closed","template":"","meta":{"footnotes":""},"class_list":["post-139","page","type-page","status-publish","hentry","nodate","item-wrap"],"_links":{"self":[{"href":"https:\/\/www.carlosbretschneider.de\/index.php?rest_route=\/wp\/v2\/pages\/139","targetHints":{"allow":["GET"]}}],"collection":[{"href":"https:\/\/www.carlosbretschneider.de\/index.php?rest_route=\/wp\/v2\/pages"}],"about":[{"href":"https:\/\/www.carlosbretschneider.de\/index.php?rest_route=\/wp\/v2\/types\/page"}],"author":[{"embeddable":true,"href":"https:\/\/www.carlosbretschneider.de\/index.php?rest_route=\/wp\/v2\/users\/1"}],"replies":[{"embeddable":true,"href":"https:\/\/www.carlosbretschneider.de\/index.php?rest_route=%2Fwp%2Fv2%2Fcomments&post=139"}],"version-history":[{"count":12,"href":"https:\/\/www.carlosbretschneider.de\/index.php?rest_route=\/wp\/v2\/pages\/139\/revisions"}],"predecessor-version":[{"id":226,"href":"https:\/\/www.carlosbretschneider.de\/index.php?rest_route=\/wp\/v2\/pages\/139\/revisions\/226"}],"wp:attachment":[{"href":"https:\/\/www.carlosbretschneider.de\/index.php?rest_route=%2Fwp%2Fv2%2Fmedia&parent=139"}],"curies":[{"name":"wp","href":"https:\/\/api.w.org\/{rel}","templated":true}]}}