{"id":15,"date":"2019-08-05T15:37:36","date_gmt":"2019-08-05T15:37:36","guid":{"rendered":"http:\/\/www.carlosbretschneider.de\/?page_id=15"},"modified":"2023-01-17T22:50:26","modified_gmt":"2023-01-17T22:50:26","slug":"pfadfinder","status":"publish","type":"page","link":"https:\/\/www.carlosbretschneider.de\/?page_id=15","title":{"rendered":"Pfadfinder"},"content":{"rendered":"\n<p>Seit 2015 bin ich ehrenamtlich als Pfadfinderleiter im DPSG Stamm \u00c4gypten Baierbrunn, und war von 2018-2020 zus\u00e4tzlich als Bezirksvorstand des wundersch\u00f6nen Bezirks Oberland t\u00e4tig. Seit September 2020 bin ich Vorstand der <a href=\"https:\/\/www.dpsg1300.de\/home\/\">Di\u00f6zese M\u00fcnchen und Freising der DPSG<\/a><a rel=\"noreferrer noopener\" href=\"https:\/\/www.dpsg1300.de\/home\/\" data-type=\"URL\" data-id=\"https:\/\/www.dpsg1300.de\/home\/\" target=\"_blank\">.<\/a><\/p>\n\n\n\n<figure class=\"wp-block-image\"><img loading=\"lazy\" decoding=\"async\" width=\"1024\" height=\"683\" src=\"https:\/\/www.carlosbretschneider.de\/wp-content\/uploads\/2019\/08\/SoLa-2018-5829-1024x683.jpg\" alt=\"\" class=\"wp-image-93\" srcset=\"https:\/\/www.carlosbretschneider.de\/wp-content\/uploads\/2019\/08\/SoLa-2018-5829-1024x683.jpg 1024w, https:\/\/www.carlosbretschneider.de\/wp-content\/uploads\/2019\/08\/SoLa-2018-5829-300x200.jpg 300w, https:\/\/www.carlosbretschneider.de\/wp-content\/uploads\/2019\/08\/SoLa-2018-5829-768x512.jpg 768w\" sizes=\"auto, (max-width: 1024px) 100vw, 1024px\" \/><\/figure>\n\n\n\n<figure class=\"wp-block-image size-large\"><img loading=\"lazy\" decoding=\"async\" width=\"768\" height=\"1024\" src=\"https:\/\/www.carlosbretschneider.de\/wp-content\/uploads\/2023\/01\/IMG-20220509-WA0006-768x1024.jpg\" alt=\"\" class=\"wp-image-465\" srcset=\"https:\/\/www.carlosbretschneider.de\/wp-content\/uploads\/2023\/01\/IMG-20220509-WA0006-768x1024.jpg 768w, https:\/\/www.carlosbretschneider.de\/wp-content\/uploads\/2023\/01\/IMG-20220509-WA0006-225x300.jpg 225w, https:\/\/www.carlosbretschneider.de\/wp-content\/uploads\/2023\/01\/IMG-20220509-WA0006-1152x1536.jpg 1152w, https:\/\/www.carlosbretschneider.de\/wp-content\/uploads\/2023\/01\/IMG-20220509-WA0006-750x1000.jpg 750w, https:\/\/www.carlosbretschneider.de\/wp-content\/uploads\/2023\/01\/IMG-20220509-WA0006.jpg 1200w\" sizes=\"auto, (max-width: 768px) 100vw, 768px\" \/><figcaption class=\"wp-element-caption\">Zum Besuch im Bundesfamilienministerium um unser Ukraine-Hilfsprojekt vorzustellen<\/figcaption><\/figure>\n\n\n<div class=\"wp-block-image\">\n<figure class=\"aligncenter size-large\"><img loading=\"lazy\" decoding=\"async\" width=\"364\" height=\"568\" src=\"https:\/\/www.carlosbretschneider.de\/wp-content\/uploads\/2020\/12\/IMG_20201004_195914_571__01.jpg\" alt=\"\" class=\"wp-image-272\" srcset=\"https:\/\/www.carlosbretschneider.de\/wp-content\/uploads\/2020\/12\/IMG_20201004_195914_571__01.jpg 364w, https:\/\/www.carlosbretschneider.de\/wp-content\/uploads\/2020\/12\/IMG_20201004_195914_571__01-192x300.jpg 192w\" sizes=\"auto, (max-width: 364px) 100vw, 364px\" \/><figcaption class=\"wp-element-caption\">Meine Mit-Vorst\u00e4nde Andreas Sang und Anja Gschirr<\/figcaption><\/figure>\n<\/div>\n\n\n<p><\/p>\n","protected":false},"excerpt":{"rendered":"<p>Seit 2015 bin ich ehrenamtlich als Pfadfinderleiter im DPSG Stamm \u00c4gypten Baierbrunn, und war von 2018-2020 zus\u00e4tzlich als Bezirksvorstand des wundersch\u00f6nen Bezirks Oberland t\u00e4tig. Seit September 2020 bin ich Vorstand der Di\u00f6zese M\u00fcnchen und Freising der DPSG.<\/p>\n","protected":false},"author":1,"featured_media":0,"parent":0,"menu_order":0,"comment_status":"closed","ping_status":"closed","template":"","meta":{"footnotes":""},"class_list":["post-15","page","type-page","status-publish","hentry","nodate","item-wrap"],"_links":{"self":[{"href":"https:\/\/www.carlosbretschneider.de\/index.php?rest_route=\/wp\/v2\/pages\/15","targetHints":{"allow":["GET"]}}],"collection":[{"href":"https:\/\/www.carlosbretschneider.de\/index.php?rest_route=\/wp\/v2\/pages"}],"about":[{"href":"https:\/\/www.carlosbretschneider.de\/index.php?rest_route=\/wp\/v2\/types\/page"}],"author":[{"embeddable":true,"href":"https:\/\/www.carlosbretschneider.de\/index.php?rest_route=\/wp\/v2\/users\/1"}],"replies":[{"embeddable":true,"href":"https:\/\/www.carlosbretschneider.de\/index.php?rest_route=%2Fwp%2Fv2%2Fcomments&post=15"}],"version-history":[{"count":6,"href":"https:\/\/www.carlosbretschneider.de\/index.php?rest_route=\/wp\/v2\/pages\/15\/revisions"}],"predecessor-version":[{"id":466,"href":"https:\/\/www.carlosbretschneider.de\/index.php?rest_route=\/wp\/v2\/pages\/15\/revisions\/466"}],"wp:attachment":[{"href":"https:\/\/www.carlosbretschneider.de\/index.php?rest_route=%2Fwp%2Fv2%2Fmedia&parent=15"}],"curies":[{"name":"wp","href":"https:\/\/api.w.org\/{rel}","templated":true}]}}