{"id":19,"date":"2019-08-05T15:43:55","date_gmt":"2019-08-05T15:43:55","guid":{"rendered":"http:\/\/www.carlosbretschneider.de\/?page_id=19"},"modified":"2021-05-23T00:59:54","modified_gmt":"2021-05-23T00:59:54","slug":"mein-equipment","status":"publish","type":"page","link":"https:\/\/www.carlosbretschneider.de\/?page_id=19","title":{"rendered":"Mein Equipment:"},"content":{"rendered":"\n<p>Hauptkamera:<\/p>\n\n\n\n<ul class=\"wp-block-list\"><li>Canon EOS 760d<\/li><li>Batteriehandgriff Newer<\/li><li>Allroundobjektiv Canon EFS 18-135mm F 1:3,5-5,6 IS STM<\/li><li>Ultraweitwinkel Sigma 10-20mm F 1:3,5 DC HSM<\/li><li>Teleobjektiv Tamron 70-300mm  F 4-5.6 USM<\/li><li>Festbrennweite Canon 50mm F 1:1.4<\/li><li>Blitzger\u00e4t Canon Speedlite 430EXIII-RT<\/li><li>Fernausl\u00f6ser<\/li><li>Div. Filter <\/li><\/ul>\n\n\n\n<p>Zweitkamera:<\/p>\n\n\n\n<ul class=\"wp-block-list\"><li>Canon EOS M50<\/li><li>EF-S Objektivadapter<\/li><\/ul>\n\n\n\n<p>Gimbal:<\/p>\n\n\n\n<ul class=\"wp-block-list\"><li>DJI Ronin S<\/li><li>DJI Osmo Pocket<\/li><li>Unterwassergeh\u00e4use 60m<\/li><li>Funkmodul<\/li><li>Einstellr\u00e4dchen<\/li><li>GoPro Mount<\/li><\/ul>\n\n\n\n<p>Actioncam:<\/p>\n\n\n\n<ul class=\"wp-block-list\"><li>Sony HDR-AS50<\/li><li>Unterwassergeh\u00e4use 40m<\/li><li>Ersatzakkus<\/li><li>GoPro Mount<\/li><li>Div. Gurte und Halter<\/li><\/ul>\n\n\n\n<p>Drohne:<\/p>\n\n\n\n<ul class=\"wp-block-list\"><li>DJI Mavic 2 Pro<\/li><li>DJI Mavic 2 Fernbedienung<\/li><li>2*DJI Mavic 2 Akkus<\/li><\/ul>\n\n\n\n<ul class=\"wp-block-list\"><li>DJI Spark<\/li><li>DJI Spark Fernbedinung<\/li><li>3*DJI Spark Akkus<\/li><\/ul>\n\n\n\n<p>diverses Zubeh\u00f6r<\/p>\n","protected":false},"excerpt":{"rendered":"<p>Hauptkamera: Canon EOS 760d Batteriehandgriff Newer Allroundobjektiv Canon EFS 18-135mm F 1:3,5-5,6 IS STM Ultraweitwinkel Sigma 10-20mm F 1:3,5 DC HSM Teleobjektiv Tamron 70-300mm F 4-5.6 USM Festbrennweite Canon 50mm F 1:1.4 Blitzger\u00e4t Canon Speedlite 430EXIII-RT Fernausl\u00f6ser Div. Filter Zweitkamera: Canon EOS M50 EF-S Objektivadapter Gimbal: DJI Ronin S DJI Osmo Pocket Unterwassergeh\u00e4use 60m Funkmodul &hellip; <\/p>\n<p><a class=\"more-link btn\" href=\"https:\/\/www.carlosbretschneider.de\/?page_id=19\">Weiterlesen<\/a><\/p>\n","protected":false},"author":1,"featured_media":0,"parent":0,"menu_order":0,"comment_status":"closed","ping_status":"closed","template":"","meta":{"footnotes":""},"class_list":["post-19","page","type-page","status-publish","hentry","nodate","item-wrap"],"_links":{"self":[{"href":"https:\/\/www.carlosbretschneider.de\/index.php?rest_route=\/wp\/v2\/pages\/19","targetHints":{"allow":["GET"]}}],"collection":[{"href":"https:\/\/www.carlosbretschneider.de\/index.php?rest_route=\/wp\/v2\/pages"}],"about":[{"href":"https:\/\/www.carlosbretschneider.de\/index.php?rest_route=\/wp\/v2\/types\/page"}],"author":[{"embeddable":true,"href":"https:\/\/www.carlosbretschneider.de\/index.php?rest_route=\/wp\/v2\/users\/1"}],"replies":[{"embeddable":true,"href":"https:\/\/www.carlosbretschneider.de\/index.php?rest_route=%2Fwp%2Fv2%2Fcomments&post=19"}],"version-history":[{"count":5,"href":"https:\/\/www.carlosbretschneider.de\/index.php?rest_route=\/wp\/v2\/pages\/19\/revisions"}],"predecessor-version":[{"id":381,"href":"https:\/\/www.carlosbretschneider.de\/index.php?rest_route=\/wp\/v2\/pages\/19\/revisions\/381"}],"wp:attachment":[{"href":"https:\/\/www.carlosbretschneider.de\/index.php?rest_route=%2Fwp%2Fv2%2Fmedia&parent=19"}],"curies":[{"name":"wp","href":"https:\/\/api.w.org\/{rel}","templated":true}]}}