{"id":206,"date":"2020-08-03T15:48:59","date_gmt":"2020-08-03T15:48:59","guid":{"rendered":"http:\/\/www.carlosbretschneider.de\/?page_id=206"},"modified":"2020-08-03T20:46:35","modified_gmt":"2020-08-03T20:46:35","slug":"nachtwanderung-brecherspitze","status":"publish","type":"page","link":"https:\/\/www.carlosbretschneider.de\/?page_id=206","title":{"rendered":"Nachtwanderung Brecherspitze"},"content":{"rendered":"\n<p>Die Brecherspitze ist mit seinen 1683m wohl mit Abstand einer  der bekanntesten M\u00fcnchener Hausberge, nicht nur durch seinen markanten Gipfel. Von hier hat man einen grandiosen Fernblick.<\/p>\n\n\n\n<figure class=\"wp-block-image size-large\"><img loading=\"lazy\" decoding=\"async\" width=\"1024\" height=\"683\" src=\"https:\/\/www.carlosbretschneider.de\/wp-content\/uploads\/2020\/08\/Brecherspitze-Oktober-2018-8137-1024x683.jpg\" alt=\"\" class=\"wp-image-207\" srcset=\"https:\/\/www.carlosbretschneider.de\/wp-content\/uploads\/2020\/08\/Brecherspitze-Oktober-2018-8137-1024x683.jpg 1024w, https:\/\/www.carlosbretschneider.de\/wp-content\/uploads\/2020\/08\/Brecherspitze-Oktober-2018-8137-300x200.jpg 300w, https:\/\/www.carlosbretschneider.de\/wp-content\/uploads\/2020\/08\/Brecherspitze-Oktober-2018-8137-768x512.jpg 768w, https:\/\/www.carlosbretschneider.de\/wp-content\/uploads\/2020\/08\/Brecherspitze-Oktober-2018-8137-2048x1365.jpg 2048w\" sizes=\"auto, (max-width: 1024px) 100vw, 1024px\" \/><\/figure>\n\n\n\n<p>F\u00fcr eine Nachtwanderung empfehle ich den deutlich k\u00fcrzeren Weg vom Spitzingsattel nach oben.<\/p>\n\n\n\n<figure class=\"wp-block-image size-large\"><img decoding=\"async\" src=\"https:\/\/www.carlosbretschneider.de\/wp-content\/uploads\/2020\/08\/Scheinbergspitze-2020-4140-1.jpg\" alt=\"\" class=\"wp-image-209\"\/><\/figure>\n\n\n\n<p>Nachdem wir unser Auto an der unteren Firstalm abgestellt haben (Parkgeb\u00fchr ca.5 Euro) folgen wir dem betonierten Weg, der im Winter als Rodelbahn dient ca. 1:00h nach oben bis zur oberen Firstalm. Hier biegen wir links ab und folgen dem Pfad bergauf zum Brecherspitz Vorgipfel. Ab hier folgt ein enger aber mit Stahlseil gesicherter Klettersteig \u00fcber den Gipfelgrat zum Hauptgipfel. Hier wird Trittsicherheit und Schwindelfreiheit ben\u00f6tigt.<\/p>\n\n\n\n<figure class=\"wp-block-image size-large\"><img loading=\"lazy\" decoding=\"async\" width=\"2093\" height=\"2560\" src=\"https:\/\/www.carlosbretschneider.de\/wp-content\/uploads\/2020\/08\/Brecherspitze-2020-4146-scaled.jpg\" alt=\"\" class=\"wp-image-210\" srcset=\"https:\/\/www.carlosbretschneider.de\/wp-content\/uploads\/2020\/08\/Brecherspitze-2020-4146-scaled.jpg 2093w, https:\/\/www.carlosbretschneider.de\/wp-content\/uploads\/2020\/08\/Brecherspitze-2020-4146-245x300.jpg 245w, https:\/\/www.carlosbretschneider.de\/wp-content\/uploads\/2020\/08\/Brecherspitze-2020-4146-1256x1536.jpg 1256w, https:\/\/www.carlosbretschneider.de\/wp-content\/uploads\/2020\/08\/Brecherspitze-2020-4146-1675x2048.jpg 1675w\" sizes=\"auto, (max-width: 2093px) 100vw, 2093px\" \/><\/figure>\n\n\n\n<ul class=\"wp-block-list\"><li>Anfahrt von M\u00fcnchen: 65km \/ ca. 1:15h<\/li><li>Aufstieg: 7,6km \/ ca. 1:50h<\/li><li>Abstieg: 7,6km \/ ca. 1:30h<\/li><li>H\u00f6henmeter: ca. 600m<\/li><\/ul>\n\n\n<p><div class=\"leaflet-map WPLeafletMap\" style=\"height:250px; width:100%;\"><\/div><script>\nwindow.WPLeafletMapPlugin = window.WPLeafletMapPlugin || [];\nwindow.WPLeafletMapPlugin.push(function WPLeafletMapShortcode() {\/*<script>*\/\nvar baseUrl = atob('aHR0cHM6Ly97c30udGlsZS5vcGVuc3RyZWV0bWFwLm9yZy97en0ve3h9L3t5fS5wbmc=');\nvar base = (!baseUrl && window.MQ) ?\n    window.MQ.mapLayer() : L.tileLayer(baseUrl,\n        L.Util.extend({}, {\n            detectRetina: 0,\n        },\n        {\"subdomains\":\"abc\",\"noWrap\":false,\"maxZoom\":20}        )\n    );\n    var options = L.Util.extend({}, {\n        layers: [base],\n        attributionControl: false\n    },\n    {\"zoomControl\":false,\"scrollWheelZoom\":false,\"doubleClickZoom\":false,\"fitBounds\":false,\"minZoom\":0,\"maxZoom\":20,\"maxBounds\":null,\"attribution\":\"<a href=\\\"http:\\\/\\\/leafletjs.com\\\" title=\\\"Eine Javascript-Bibliothek f\\u00fcr interaktive Karten\\\">Leaflet<\\\/a>; \\\\r\\\\n\\u00a9 <a href=\\\"http:\\\/\\\/www.openstreetmap.org\\\/copyright\\\">OpenStreetMap<\\\/a> Mitwirkende\"},\n    {});\nwindow.WPLeafletMapPlugin.createMap(options).setView([47.6726248,11.8867196],12);});<\/script><br \/>\n<script>\nwindow.WPLeafletMapPlugin = window.WPLeafletMapPlugin || [];\nwindow.WPLeafletMapPlugin.push(function WPLeafletMarkerShortcode() {\/*<script>*\/\nvar map = window.WPLeafletMapPlugin.getCurrentMap();\nvar group = window.WPLeafletMapPlugin.getCurrentGroup();\nvar marker_options = window.WPLeafletMapPlugin.getIconOptions({});\nvar marker = L.marker(\n    [0,0],\n    marker_options\n);\nvar is_image = map.is_image_map;\n    marker.setLatLng( map.getCenter() );\nif (marker_options.draggable) {\n    marker.on('dragend', function () {\n        var latlng = this.getLatLng();\n        var lat = latlng.lat;\n        var lng = latlng.lng;\n        if (is_image) {\n            console.log('leaflet-marker y=' + lat + ' x=' + lng);\n        } else {\n            console.log('leaflet-marker lat=' + lat + ' lng=' + lng);\n        }\n    });\n}\nmarker.addTo( group );\nwindow.WPLeafletMapPlugin.markers.push( marker );\n        });<\/script><\/p>\n","protected":false},"excerpt":{"rendered":"<p>Die Brecherspitze ist mit seinen 1683m wohl mit Abstand einer der bekanntesten M\u00fcnchener Hausberge, nicht nur durch seinen markanten Gipfel. Von hier hat man einen grandiosen Fernblick. F\u00fcr eine Nachtwanderung empfehle ich den deutlich k\u00fcrzeren Weg vom Spitzingsattel nach oben. Nachdem wir unser Auto an der unteren Firstalm abgestellt haben (Parkgeb\u00fchr ca.5 Euro) folgen wir &hellip; <\/p>\n<p><a class=\"more-link btn\" href=\"https:\/\/www.carlosbretschneider.de\/?page_id=206\">Weiterlesen<\/a><\/p>\n","protected":false},"author":1,"featured_media":0,"parent":0,"menu_order":0,"comment_status":"closed","ping_status":"closed","template":"","meta":{"footnotes":""},"class_list":["post-206","page","type-page","status-publish","hentry","nodate","item-wrap"],"_links":{"self":[{"href":"https:\/\/www.carlosbretschneider.de\/index.php?rest_route=\/wp\/v2\/pages\/206","targetHints":{"allow":["GET"]}}],"collection":[{"href":"https:\/\/www.carlosbretschneider.de\/index.php?rest_route=\/wp\/v2\/pages"}],"about":[{"href":"https:\/\/www.carlosbretschneider.de\/index.php?rest_route=\/wp\/v2\/types\/page"}],"author":[{"embeddable":true,"href":"https:\/\/www.carlosbretschneider.de\/index.php?rest_route=\/wp\/v2\/users\/1"}],"replies":[{"embeddable":true,"href":"https:\/\/www.carlosbretschneider.de\/index.php?rest_route=%2Fwp%2Fv2%2Fcomments&post=206"}],"version-history":[{"count":2,"href":"https:\/\/www.carlosbretschneider.de\/index.php?rest_route=\/wp\/v2\/pages\/206\/revisions"}],"predecessor-version":[{"id":228,"href":"https:\/\/www.carlosbretschneider.de\/index.php?rest_route=\/wp\/v2\/pages\/206\/revisions\/228"}],"wp:attachment":[{"href":"https:\/\/www.carlosbretschneider.de\/index.php?rest_route=%2Fwp%2Fv2%2Fmedia&parent=206"}],"curies":[{"name":"wp","href":"https:\/\/api.w.org\/{rel}","templated":true}]}}