{"id":218,"date":"2020-08-03T20:34:07","date_gmt":"2020-08-03T20:34:07","guid":{"rendered":"http:\/\/www.carlosbretschneider.de\/?page_id=218"},"modified":"2020-08-03T20:52:02","modified_gmt":"2020-08-03T20:52:02","slug":"nachtwanderung-herzogstand","status":"publish","type":"page","link":"https:\/\/www.carlosbretschneider.de\/?page_id=218","title":{"rendered":"Nachtwanderung Herzogstand"},"content":{"rendered":"\n<p>Der <strong>Herzogstand (1731m)<\/strong> ist einer der ber\u00fchmtesten M\u00fcnchner Hausberge und wartet mit grandiosem Gipfelblick auf. Richtung S\u00fcden blickt man auf den Walchensee und das dahinter liegende Karwendel und nach Norden \u00fcber den Kochelsee in das Flachland.<\/p>\n\n\n\n<figure class=\"wp-block-image size-large\"><img loading=\"lazy\" decoding=\"async\" width=\"1024\" height=\"768\" src=\"https:\/\/www.carlosbretschneider.de\/wp-content\/uploads\/2020\/08\/Brecherspitze-Oktober-2018-0478-1024x768.jpg\" alt=\"\" class=\"wp-image-220\" srcset=\"https:\/\/www.carlosbretschneider.de\/wp-content\/uploads\/2020\/08\/Brecherspitze-Oktober-2018-0478-1024x768.jpg 1024w, https:\/\/www.carlosbretschneider.de\/wp-content\/uploads\/2020\/08\/Brecherspitze-Oktober-2018-0478-300x225.jpg 300w, https:\/\/www.carlosbretschneider.de\/wp-content\/uploads\/2020\/08\/Brecherspitze-Oktober-2018-0478-768x576.jpg 768w, https:\/\/www.carlosbretschneider.de\/wp-content\/uploads\/2020\/08\/Brecherspitze-Oktober-2018-0478-1536x1152.jpg 1536w, https:\/\/www.carlosbretschneider.de\/wp-content\/uploads\/2020\/08\/Brecherspitze-Oktober-2018-0478-2048x1536.jpg 2048w\" sizes=\"auto, (max-width: 1024px) 100vw, 1024px\" \/><figcaption>DCIM\/100MEDIA\/DJI_0478.JPG<\/figcaption><\/figure>\n\n\n\n<p>Man folgt vom Parkplatz dem stets gut beschilderten Weg Richtung Herzogstand. Zun\u00e4chst f\u00fchrt der Weg durch dichten Bergwald, der von Zeit zu Zeit einen Blick auf den Walchensee zul\u00e4sst. Sp\u00e4ter gelangt man in Almgel\u00e4nde (Bei gutem Wetter empfiehlt sich hier eine \u00dcbernachtung unter freiem Himmel) und steigt in diesem in fast gleichm\u00e4\u00dfiger Steigung bis zum Berggasthaus Herzogstand auf. Von hier f\u00fchrt ein schmaler Pfad zum Gipfel <\/p>\n\n\n\n<figure class=\"wp-block-image size-large\"><img loading=\"lazy\" decoding=\"async\" width=\"1024\" height=\"683\" src=\"https:\/\/www.carlosbretschneider.de\/wp-content\/uploads\/2020\/08\/IMG_9818-1024x683.jpg\" alt=\"\" class=\"wp-image-219\" srcset=\"https:\/\/www.carlosbretschneider.de\/wp-content\/uploads\/2020\/08\/IMG_9818-1024x683.jpg 1024w, https:\/\/www.carlosbretschneider.de\/wp-content\/uploads\/2020\/08\/IMG_9818-300x200.jpg 300w, https:\/\/www.carlosbretschneider.de\/wp-content\/uploads\/2020\/08\/IMG_9818-768x512.jpg 768w, https:\/\/www.carlosbretschneider.de\/wp-content\/uploads\/2020\/08\/IMG_9818-2048x1365.jpg 2048w\" sizes=\"auto, (max-width: 1024px) 100vw, 1024px\" \/><\/figure>\n\n\n\n<ul class=\"wp-block-list\"><li>Anfahrt von M\u00fcnchen: 70km \/ ca. 1:05h<\/li><li>Aufstieg:  ca. 2:15h<\/li><li>Abstieg:   ca. 1:45h<\/li><li>H\u00f6henmeter: ca. 840m<\/li><\/ul>\n\n\n<p><div class=\"leaflet-map WPLeafletMap\" style=\"height:250px; width:100%;\"><\/div><script>\nwindow.WPLeafletMapPlugin = window.WPLeafletMapPlugin || [];\nwindow.WPLeafletMapPlugin.push(function WPLeafletMapShortcode() {\/*<script>*\/\nvar baseUrl = atob('aHR0cHM6Ly97c30udGlsZS5vcGVuc3RyZWV0bWFwLm9yZy97en0ve3h9L3t5fS5wbmc=');\nvar base = (!baseUrl && window.MQ) ?\n    window.MQ.mapLayer() : L.tileLayer(baseUrl,\n        L.Util.extend({}, {\n            detectRetina: 0,\n        },\n        {\"subdomains\":\"abc\",\"noWrap\":false,\"maxZoom\":20}        )\n    );\n    var options = L.Util.extend({}, {\n        layers: [base],\n        attributionControl: false\n    },\n    {\"zoomControl\":false,\"scrollWheelZoom\":false,\"doubleClickZoom\":false,\"fitBounds\":false,\"minZoom\":0,\"maxZoom\":20,\"maxBounds\":null,\"attribution\":\"<a href=\\\"http:\\\/\\\/leafletjs.com\\\" title=\\\"Eine Javascript-Bibliothek f\\u00fcr interaktive Karten\\\">Leaflet<\\\/a>; \\\\r\\\\n\\u00a9 <a href=\\\"http:\\\/\\\/www.openstreetmap.org\\\/copyright\\\">OpenStreetMap<\\\/a> Mitwirkende\"},\n    {});\nwindow.WPLeafletMapPlugin.createMap(options).setView([47.6216511,11.3492444],12);});<\/script><br \/>\n<script>\nwindow.WPLeafletMapPlugin = window.WPLeafletMapPlugin || [];\nwindow.WPLeafletMapPlugin.push(function WPLeafletMarkerShortcode() {\/*<script>*\/\nvar map = window.WPLeafletMapPlugin.getCurrentMap();\nvar group = window.WPLeafletMapPlugin.getCurrentGroup();\nvar marker_options = window.WPLeafletMapPlugin.getIconOptions({});\nvar marker = L.marker(\n    [0,0],\n    marker_options\n);\nvar is_image = map.is_image_map;\n    marker.setLatLng( map.getCenter() );\nif (marker_options.draggable) {\n    marker.on('dragend', function () {\n        var latlng = this.getLatLng();\n        var lat = latlng.lat;\n        var lng = latlng.lng;\n        if (is_image) {\n            console.log('leaflet-marker y=' + lat + ' x=' + lng);\n        } else {\n            console.log('leaflet-marker lat=' + lat + ' lng=' + lng);\n        }\n    });\n}\nmarker.addTo( group );\nwindow.WPLeafletMapPlugin.markers.push( marker );\n        });<\/script><\/p>\n","protected":false},"excerpt":{"rendered":"<p>Der Herzogstand (1731m) ist einer der ber\u00fchmtesten M\u00fcnchner Hausberge und wartet mit grandiosem Gipfelblick auf. Richtung S\u00fcden blickt man auf den Walchensee und das dahinter liegende Karwendel und nach Norden \u00fcber den Kochelsee in das Flachland. Man folgt vom Parkplatz dem stets gut beschilderten Weg Richtung Herzogstand. Zun\u00e4chst f\u00fchrt der Weg durch dichten Bergwald, der &hellip; <\/p>\n<p><a class=\"more-link btn\" href=\"https:\/\/www.carlosbretschneider.de\/?page_id=218\">Weiterlesen<\/a><\/p>\n","protected":false},"author":1,"featured_media":0,"parent":0,"menu_order":0,"comment_status":"closed","ping_status":"closed","template":"","meta":{"footnotes":""},"class_list":["post-218","page","type-page","status-publish","hentry","nodate","item-wrap"],"_links":{"self":[{"href":"https:\/\/www.carlosbretschneider.de\/index.php?rest_route=\/wp\/v2\/pages\/218","targetHints":{"allow":["GET"]}}],"collection":[{"href":"https:\/\/www.carlosbretschneider.de\/index.php?rest_route=\/wp\/v2\/pages"}],"about":[{"href":"https:\/\/www.carlosbretschneider.de\/index.php?rest_route=\/wp\/v2\/types\/page"}],"author":[{"embeddable":true,"href":"https:\/\/www.carlosbretschneider.de\/index.php?rest_route=\/wp\/v2\/users\/1"}],"replies":[{"embeddable":true,"href":"https:\/\/www.carlosbretschneider.de\/index.php?rest_route=%2Fwp%2Fv2%2Fcomments&post=218"}],"version-history":[{"count":2,"href":"https:\/\/www.carlosbretschneider.de\/index.php?rest_route=\/wp\/v2\/pages\/218\/revisions"}],"predecessor-version":[{"id":234,"href":"https:\/\/www.carlosbretschneider.de\/index.php?rest_route=\/wp\/v2\/pages\/218\/revisions\/234"}],"wp:attachment":[{"href":"https:\/\/www.carlosbretschneider.de\/index.php?rest_route=%2Fwp%2Fv2%2Fmedia&parent=218"}],"curies":[{"name":"wp","href":"https:\/\/api.w.org\/{rel}","templated":true}]}}