{"id":242,"date":"2020-08-03T21:09:45","date_gmt":"2020-08-03T21:09:45","guid":{"rendered":"http:\/\/www.carlosbretschneider.de\/?page_id=242"},"modified":"2020-08-03T21:11:55","modified_gmt":"2020-08-03T21:11:55","slug":"nachtwanderung-pendling","status":"publish","type":"page","link":"https:\/\/www.carlosbretschneider.de\/?page_id=242","title":{"rendered":"Nachtwanderung Pendling"},"content":{"rendered":"\n<p>Der <strong>Pendling bei Kufstein (1563m)<\/strong> ist kein Geheimtipp \u2013 zu bekannt ist der Berg, auch Dank das <a rel=\"noreferrer noopener\" href=\"http:\/\/www.pendlinghaus.at\/\" target=\"_blank\">Pendlinghauses<\/a>\u00a0knapp unterhalb des Gipfels. Insbesondere im Sommer ist daher auch einiges an Verkehr, nicht zuletzt Dank des einfachen Aufstiegs. Umso mehr reiz hat er Nachts, da dann kaum Menschen unterwegs sind. Die Aussicht ist super, das Kaisergebirge liegt gef\u00fchlt zu F\u00fc\u00dfen und Kufstein und das Inntal \u2013 obwohl stark industrialisiert \u2013 irgendwie doch sehr idyllisch.<\/p>\n\n\n\n<figure class=\"wp-block-image size-large\"><img loading=\"lazy\" decoding=\"async\" width=\"1024\" height=\"768\" src=\"https:\/\/www.carlosbretschneider.de\/wp-content\/uploads\/2020\/08\/Wandern-Pendling-0599-1024x768.jpg\" alt=\"\" class=\"wp-image-245\" srcset=\"https:\/\/www.carlosbretschneider.de\/wp-content\/uploads\/2020\/08\/Wandern-Pendling-0599-1024x768.jpg 1024w, https:\/\/www.carlosbretschneider.de\/wp-content\/uploads\/2020\/08\/Wandern-Pendling-0599-300x225.jpg 300w, https:\/\/www.carlosbretschneider.de\/wp-content\/uploads\/2020\/08\/Wandern-Pendling-0599-768x576.jpg 768w, https:\/\/www.carlosbretschneider.de\/wp-content\/uploads\/2020\/08\/Wandern-Pendling-0599-1536x1152.jpg 1536w, https:\/\/www.carlosbretschneider.de\/wp-content\/uploads\/2020\/08\/Wandern-Pendling-0599-2048x1536.jpg 2048w\" sizes=\"auto, (max-width: 1024px) 100vw, 1024px\" \/><figcaption>DCIM\/100MEDIA\/DJI_0599.JPG<\/figcaption><\/figure>\n\n\n\n<p>Wir folgen der breiten Forststra\u00dfe (im Winter Rodelstrecke) bergauf. Nach ca. 10-15 Minuten verlassen wir die breite Stra\u00dfe und gehen links, gut markiert mit rotem Punkt und Schilder (\u201cPendling\u201d), bergauf in den Wald.&nbsp;<\/p>\n\n\n\n<p>Wir folgen jetzt immer dem Pfad, der anfangs noch etwas steiler ist und treffen kurz darauf (am sog. \u201cKaltwasser) auf einen Forstweg und einen kleinen Schilderwald. Wir halten uns den Schildern nach geradeaus und folgen wieder etwas steiler immer diesem Weg, der langsam sch\u00f6ne Aussichten gew\u00e4hrt und immer einen angenehme Steigung hat. <\/p>\n\n\n\n<p>Wir treffen dann auf eine gro\u00dfe Felswand, hier gehen wir rechts und nochmals etwas steiler in Serpentinen bis wir wieder auf die Forststra\u00dfe treffen. Jetzt geht es flach bis zum Gipfel, wozu wir links (\u201c\u00fcber Forstweg\u201d) gehen. Die Aussicht ist super und wir erreichen wenig sp\u00e4ter das Pendling-Haus nahe dem Gipfel. Hier laden einige Bierb\u00e4nke zur Rast in der Sonne ein. <strong>Die Aussicht ist grandios,<\/strong> das Kaisergebirge liegt vor den F\u00fcssen und die Sicht reicht bis zum Gro\u00dfvenediger. Herrlich!<\/p>\n\n\n\n<p>Nach der Pause gehen wir vor dem Pendlinghaus vorbei an einer kleinen Holzh\u00fctte und erreichen wenig sp\u00e4ter das Gipfelkreuz. Auch hier ist eine kleine Bank.<\/p>\n\n\n\n<figure class=\"wp-block-image size-large\"><img decoding=\"async\" src=\"https:\/\/www.carlosbretschneider.de\/wp-content\/uploads\/2020\/08\/Wandern-Pendling-8352.jpg\" alt=\"\" class=\"wp-image-246\"\/><\/figure>\n\n\n\n<ul class=\"wp-block-list\"><li>Anfahrt von M\u00fcnchen: 100km \/ ca. 1:30h<\/li><li>Aufstieg: ca. 1:45h<\/li><li>Abstieg: ca. 1:15h<\/li><li>H\u00f6henmeter: ca. 600m<\/li><\/ul>\n\n\n<p><div class=\"leaflet-map WPLeafletMap\" style=\"height:250px; width:100%;\"><\/div><script>\nwindow.WPLeafletMapPlugin = window.WPLeafletMapPlugin || [];\nwindow.WPLeafletMapPlugin.push(function WPLeafletMapShortcode() {\/*<script>*\/\nvar baseUrl = atob('aHR0cHM6Ly97c30udGlsZS5vcGVuc3RyZWV0bWFwLm9yZy97en0ve3h9L3t5fS5wbmc=');\nvar base = (!baseUrl && window.MQ) ?\n    window.MQ.mapLayer() : L.tileLayer(baseUrl,\n        L.Util.extend({}, {\n            detectRetina: 0,\n        },\n        {\"subdomains\":\"abc\",\"noWrap\":false,\"maxZoom\":20}        )\n    );\n    var options = L.Util.extend({}, {\n        layers: [base],\n        attributionControl: false\n    },\n    {\"zoomControl\":false,\"scrollWheelZoom\":false,\"doubleClickZoom\":false,\"fitBounds\":false,\"minZoom\":0,\"maxZoom\":20,\"maxBounds\":null,\"attribution\":\"<a href=\\\"http:\\\/\\\/leafletjs.com\\\" title=\\\"Eine Javascript-Bibliothek f\\u00fcr interaktive Karten\\\">Leaflet<\\\/a>; \\\\r\\\\n\\u00a9 <a href=\\\"http:\\\/\\\/www.openstreetmap.org\\\/copyright\\\">OpenStreetMap<\\\/a> Mitwirkende\"},\n    {});\nwindow.WPLeafletMapPlugin.createMap(options).setView([47.5801217,12.0939632],12);});<\/script><br \/>\n<script>\nwindow.WPLeafletMapPlugin = window.WPLeafletMapPlugin || [];\nwindow.WPLeafletMapPlugin.push(function WPLeafletMarkerShortcode() {\/*<script>*\/\nvar map = window.WPLeafletMapPlugin.getCurrentMap();\nvar group = window.WPLeafletMapPlugin.getCurrentGroup();\nvar marker_options = window.WPLeafletMapPlugin.getIconOptions({});\nvar marker = L.marker(\n    [0,0],\n    marker_options\n);\nvar is_image = map.is_image_map;\n    marker.setLatLng( map.getCenter() );\nif (marker_options.draggable) {\n    marker.on('dragend', function () {\n        var latlng = this.getLatLng();\n        var lat = latlng.lat;\n        var lng = latlng.lng;\n        if (is_image) {\n            console.log('leaflet-marker y=' + lat + ' x=' + lng);\n        } else {\n            console.log('leaflet-marker lat=' + lat + ' lng=' + lng);\n        }\n    });\n}\nmarker.addTo( group );\nwindow.WPLeafletMapPlugin.markers.push( marker );\n        });<\/script><\/p>\n","protected":false},"excerpt":{"rendered":"<p>Der Pendling bei Kufstein (1563m) ist kein Geheimtipp \u2013 zu bekannt ist der Berg, auch Dank das Pendlinghauses\u00a0knapp unterhalb des Gipfels. Insbesondere im Sommer ist daher auch einiges an Verkehr, nicht zuletzt Dank des einfachen Aufstiegs. Umso mehr reiz hat er Nachts, da dann kaum Menschen unterwegs sind. Die Aussicht ist super, das Kaisergebirge liegt &hellip; <\/p>\n<p><a class=\"more-link btn\" href=\"https:\/\/www.carlosbretschneider.de\/?page_id=242\">Weiterlesen<\/a><\/p>\n","protected":false},"author":1,"featured_media":0,"parent":0,"menu_order":0,"comment_status":"closed","ping_status":"closed","template":"","meta":{"footnotes":""},"class_list":["post-242","page","type-page","status-publish","hentry","nodate","item-wrap"],"_links":{"self":[{"href":"https:\/\/www.carlosbretschneider.de\/index.php?rest_route=\/wp\/v2\/pages\/242","targetHints":{"allow":["GET"]}}],"collection":[{"href":"https:\/\/www.carlosbretschneider.de\/index.php?rest_route=\/wp\/v2\/pages"}],"about":[{"href":"https:\/\/www.carlosbretschneider.de\/index.php?rest_route=\/wp\/v2\/types\/page"}],"author":[{"embeddable":true,"href":"https:\/\/www.carlosbretschneider.de\/index.php?rest_route=\/wp\/v2\/users\/1"}],"replies":[{"embeddable":true,"href":"https:\/\/www.carlosbretschneider.de\/index.php?rest_route=%2Fwp%2Fv2%2Fcomments&post=242"}],"version-history":[{"count":2,"href":"https:\/\/www.carlosbretschneider.de\/index.php?rest_route=\/wp\/v2\/pages\/242\/revisions"}],"predecessor-version":[{"id":247,"href":"https:\/\/www.carlosbretschneider.de\/index.php?rest_route=\/wp\/v2\/pages\/242\/revisions\/247"}],"wp:attachment":[{"href":"https:\/\/www.carlosbretschneider.de\/index.php?rest_route=%2Fwp%2Fv2%2Fmedia&parent=242"}],"curies":[{"name":"wp","href":"https:\/\/api.w.org\/{rel}","templated":true}]}}