{"id":254,"date":"2020-08-03T21:27:51","date_gmt":"2020-08-03T21:27:51","guid":{"rendered":"http:\/\/www.carlosbretschneider.de\/?page_id=254"},"modified":"2021-05-23T09:54:10","modified_gmt":"2021-05-23T09:54:10","slug":"tauchsport","status":"publish","type":"page","link":"https:\/\/www.carlosbretschneider.de\/?page_id=254","title":{"rendered":"Tauchen"},"content":{"rendered":"\n<figure class=\"wp-block-image size-large\"><img loading=\"lazy\" decoding=\"async\" width=\"1024\" height=\"576\" src=\"https:\/\/www.carlosbretschneider.de\/wp-content\/uploads\/2020\/08\/IMG_4961-1024x576.jpg\" alt=\"\" class=\"wp-image-255\" srcset=\"https:\/\/www.carlosbretschneider.de\/wp-content\/uploads\/2020\/08\/IMG_4961-1024x576.jpg 1024w, https:\/\/www.carlosbretschneider.de\/wp-content\/uploads\/2020\/08\/IMG_4961-300x169.jpg 300w, https:\/\/www.carlosbretschneider.de\/wp-content\/uploads\/2020\/08\/IMG_4961-768x432.jpg 768w, https:\/\/www.carlosbretschneider.de\/wp-content\/uploads\/2020\/08\/IMG_4961-1536x864.jpg 1536w, https:\/\/www.carlosbretschneider.de\/wp-content\/uploads\/2020\/08\/IMG_4961-2048x1152.jpg 2048w\" sizes=\"auto, (max-width: 1024px) 100vw, 1024px\" \/><\/figure>\n\n\n\n<p>Seit nunmehr 8 Jahren bin ich in der Tauchsparte des Sport Club Prinz Eugen in M\u00fcnchen aktiv. Neben den w\u00f6chentlichen Trainigs sind wir mehrmals im Jahr an verschiedensten Seen unterwegs und treffen uns j\u00e4hrlich zu einem Tauchwochenende am Attersee.<\/p>\n\n\n\n<figure class=\"wp-block-image size-large\"><img loading=\"lazy\" decoding=\"async\" width=\"1024\" height=\"683\" src=\"https:\/\/www.carlosbretschneider.de\/wp-content\/uploads\/2019\/08\/IMG_9724-1024x683.jpg\" alt=\"\" class=\"wp-image-59\" srcset=\"https:\/\/www.carlosbretschneider.de\/wp-content\/uploads\/2019\/08\/IMG_9724-1024x683.jpg 1024w, https:\/\/www.carlosbretschneider.de\/wp-content\/uploads\/2019\/08\/IMG_9724-300x200.jpg 300w, https:\/\/www.carlosbretschneider.de\/wp-content\/uploads\/2019\/08\/IMG_9724-768x512.jpg 768w\" sizes=\"auto, (max-width: 1024px) 100vw, 1024px\" \/><\/figure>\n\n\n\n<p>Momentan bin ich nach VDST-Standard als 2-Stern\/Silbertaucher ausgebildet.<\/p>\n","protected":false},"excerpt":{"rendered":"<p>Seit nunmehr 8 Jahren bin ich in der Tauchsparte des Sport Club Prinz Eugen in M\u00fcnchen aktiv. Neben den w\u00f6chentlichen Trainigs sind wir mehrmals im Jahr an verschiedensten Seen unterwegs und treffen uns j\u00e4hrlich zu einem Tauchwochenende am Attersee. Momentan bin ich nach VDST-Standard als 2-Stern\/Silbertaucher ausgebildet.<\/p>\n","protected":false},"author":1,"featured_media":0,"parent":0,"menu_order":0,"comment_status":"closed","ping_status":"closed","template":"","meta":{"footnotes":""},"class_list":["post-254","page","type-page","status-publish","hentry","nodate","item-wrap"],"_links":{"self":[{"href":"https:\/\/www.carlosbretschneider.de\/index.php?rest_route=\/wp\/v2\/pages\/254","targetHints":{"allow":["GET"]}}],"collection":[{"href":"https:\/\/www.carlosbretschneider.de\/index.php?rest_route=\/wp\/v2\/pages"}],"about":[{"href":"https:\/\/www.carlosbretschneider.de\/index.php?rest_route=\/wp\/v2\/types\/page"}],"author":[{"embeddable":true,"href":"https:\/\/www.carlosbretschneider.de\/index.php?rest_route=\/wp\/v2\/users\/1"}],"replies":[{"embeddable":true,"href":"https:\/\/www.carlosbretschneider.de\/index.php?rest_route=%2Fwp%2Fv2%2Fcomments&post=254"}],"version-history":[{"count":2,"href":"https:\/\/www.carlosbretschneider.de\/index.php?rest_route=\/wp\/v2\/pages\/254\/revisions"}],"predecessor-version":[{"id":382,"href":"https:\/\/www.carlosbretschneider.de\/index.php?rest_route=\/wp\/v2\/pages\/254\/revisions\/382"}],"wp:attachment":[{"href":"https:\/\/www.carlosbretschneider.de\/index.php?rest_route=%2Fwp%2Fv2%2Fmedia&parent=254"}],"curies":[{"name":"wp","href":"https:\/\/api.w.org\/{rel}","templated":true}]}}