{"id":278,"date":"2020-12-28T16:10:41","date_gmt":"2020-12-28T16:10:41","guid":{"rendered":"http:\/\/www.carlosbretschneider.de\/?page_id=278"},"modified":"2023-01-17T22:19:20","modified_gmt":"2023-01-17T22:19:20","slug":"referenzen","status":"publish","type":"page","link":"https:\/\/www.carlosbretschneider.de\/?page_id=278","title":{"rendered":"Referenzen"},"content":{"rendered":"\n<p>Jugend Lichtgottesdienste im Pfarrverband Bogenhausen S\u00fcd:<\/p>\n\n\n\n<figure class=\"wp-block-image size-large\"><img loading=\"lazy\" decoding=\"async\" width=\"1024\" height=\"576\" src=\"https:\/\/www.carlosbretschneider.de\/wp-content\/uploads\/2021\/05\/DSC8389-1024x576.jpg\" alt=\"\" class=\"wp-image-350\" srcset=\"https:\/\/www.carlosbretschneider.de\/wp-content\/uploads\/2021\/05\/DSC8389-1024x576.jpg 1024w, https:\/\/www.carlosbretschneider.de\/wp-content\/uploads\/2021\/05\/DSC8389-300x169.jpg 300w, https:\/\/www.carlosbretschneider.de\/wp-content\/uploads\/2021\/05\/DSC8389-768x432.jpg 768w, https:\/\/www.carlosbretschneider.de\/wp-content\/uploads\/2021\/05\/DSC8389-1536x864.jpg 1536w, https:\/\/www.carlosbretschneider.de\/wp-content\/uploads\/2021\/05\/DSC8389-750x422.jpg 750w, https:\/\/www.carlosbretschneider.de\/wp-content\/uploads\/2021\/05\/DSC8389.jpg 1650w\" sizes=\"auto, (max-width: 1024px) 100vw, 1024px\" \/><\/figure>\n\n\n\n<figure class=\"wp-block-image size-large\"><img loading=\"lazy\" decoding=\"async\" width=\"768\" height=\"1024\" src=\"https:\/\/www.carlosbretschneider.de\/wp-content\/uploads\/2021\/05\/IMG_20190329_221041-768x1024.jpg\" alt=\"\" class=\"wp-image-360\" srcset=\"https:\/\/www.carlosbretschneider.de\/wp-content\/uploads\/2021\/05\/IMG_20190329_221041-768x1024.jpg 768w, https:\/\/www.carlosbretschneider.de\/wp-content\/uploads\/2021\/05\/IMG_20190329_221041-225x300.jpg 225w, https:\/\/www.carlosbretschneider.de\/wp-content\/uploads\/2021\/05\/IMG_20190329_221041-1152x1536.jpg 1152w, https:\/\/www.carlosbretschneider.de\/wp-content\/uploads\/2021\/05\/IMG_20190329_221041-1536x2048.jpg 1536w, https:\/\/www.carlosbretschneider.de\/wp-content\/uploads\/2021\/05\/IMG_20190329_221041-750x1000.jpg 750w, https:\/\/www.carlosbretschneider.de\/wp-content\/uploads\/2021\/05\/IMG_20190329_221041-scaled.jpg 1920w\" sizes=\"auto, (max-width: 768px) 100vw, 768px\" \/><\/figure>\n\n\n\n<p>Kirchenbeleuchtung im Pfarrverband Bogenhausen Sch\u00e4ftlarn:<\/p>\n\n\n\n<figure class=\"wp-block-image size-large\"><img loading=\"lazy\" decoding=\"async\" width=\"1024\" height=\"683\" src=\"https:\/\/www.carlosbretschneider.de\/wp-content\/uploads\/2021\/05\/IMG_4260-1-1024x683.jpg\" alt=\"\" class=\"wp-image-342\" srcset=\"https:\/\/www.carlosbretschneider.de\/wp-content\/uploads\/2021\/05\/IMG_4260-1-1024x683.jpg 1024w, https:\/\/www.carlosbretschneider.de\/wp-content\/uploads\/2021\/05\/IMG_4260-1-300x200.jpg 300w, https:\/\/www.carlosbretschneider.de\/wp-content\/uploads\/2021\/05\/IMG_4260-1-768x512.jpg 768w, https:\/\/www.carlosbretschneider.de\/wp-content\/uploads\/2021\/05\/IMG_4260-1-1536x1024.jpg 1536w, https:\/\/www.carlosbretschneider.de\/wp-content\/uploads\/2021\/05\/IMG_4260-1-2048x1365.jpg 2048w, https:\/\/www.carlosbretschneider.de\/wp-content\/uploads\/2021\/05\/IMG_4260-1-750x500.jpg 750w\" sizes=\"auto, (max-width: 1024px) 100vw, 1024px\" \/><\/figure>\n\n\n\n<figure class=\"wp-block-image size-large\"><img loading=\"lazy\" decoding=\"async\" width=\"1024\" height=\"683\" src=\"https:\/\/www.carlosbretschneider.de\/wp-content\/uploads\/2021\/05\/IMG_4271-1024x683.jpg\" alt=\"\" class=\"wp-image-343\" srcset=\"https:\/\/www.carlosbretschneider.de\/wp-content\/uploads\/2021\/05\/IMG_4271-1024x683.jpg 1024w, https:\/\/www.carlosbretschneider.de\/wp-content\/uploads\/2021\/05\/IMG_4271-300x200.jpg 300w, https:\/\/www.carlosbretschneider.de\/wp-content\/uploads\/2021\/05\/IMG_4271-768x512.jpg 768w, https:\/\/www.carlosbretschneider.de\/wp-content\/uploads\/2021\/05\/IMG_4271-1536x1024.jpg 1536w, https:\/\/www.carlosbretschneider.de\/wp-content\/uploads\/2021\/05\/IMG_4271-2048x1365.jpg 2048w, https:\/\/www.carlosbretschneider.de\/wp-content\/uploads\/2021\/05\/IMG_4271-750x500.jpg 750w\" sizes=\"auto, (max-width: 1024px) 100vw, 1024px\" \/><\/figure>\n\n\n\n<p>diverse Sonderbauten:<\/p>\n\n\n\n<figure class=\"wp-block-image size-large\"><img loading=\"lazy\" decoding=\"async\" width=\"1024\" height=\"683\" src=\"https:\/\/www.carlosbretschneider.de\/wp-content\/uploads\/2021\/05\/20200419211611_IMG_4095-1024x683.jpg\" alt=\"\" class=\"wp-image-364\" srcset=\"https:\/\/www.carlosbretschneider.de\/wp-content\/uploads\/2021\/05\/20200419211611_IMG_4095-1024x683.jpg 1024w, https:\/\/www.carlosbretschneider.de\/wp-content\/uploads\/2021\/05\/20200419211611_IMG_4095-300x200.jpg 300w, https:\/\/www.carlosbretschneider.de\/wp-content\/uploads\/2021\/05\/20200419211611_IMG_4095-768x512.jpg 768w, https:\/\/www.carlosbretschneider.de\/wp-content\/uploads\/2021\/05\/20200419211611_IMG_4095-1536x1024.jpg 1536w, https:\/\/www.carlosbretschneider.de\/wp-content\/uploads\/2021\/05\/20200419211611_IMG_4095-2048x1365.jpg 2048w, https:\/\/www.carlosbretschneider.de\/wp-content\/uploads\/2021\/05\/20200419211611_IMG_4095-750x500.jpg 750w\" sizes=\"auto, (max-width: 1024px) 100vw, 1024px\" \/><\/figure>\n\n\n\n<p>div.Weihnachtsbeleuchtungen:<\/p>\n\n\n\n<figure class=\"wp-block-image size-large\"><img loading=\"lazy\" decoding=\"async\" width=\"467\" height=\"1024\" src=\"https:\/\/www.carlosbretschneider.de\/wp-content\/uploads\/2021\/05\/IMG_20210125_194334-467x1024.jpg\" alt=\"\" class=\"wp-image-356\" srcset=\"https:\/\/www.carlosbretschneider.de\/wp-content\/uploads\/2021\/05\/IMG_20210125_194334-467x1024.jpg 467w, https:\/\/www.carlosbretschneider.de\/wp-content\/uploads\/2021\/05\/IMG_20210125_194334-137x300.jpg 137w, https:\/\/www.carlosbretschneider.de\/wp-content\/uploads\/2021\/05\/IMG_20210125_194334-768x1684.jpg 768w, https:\/\/www.carlosbretschneider.de\/wp-content\/uploads\/2021\/05\/IMG_20210125_194334-700x1536.jpg 700w, https:\/\/www.carlosbretschneider.de\/wp-content\/uploads\/2021\/05\/IMG_20210125_194334-934x2048.jpg 934w, https:\/\/www.carlosbretschneider.de\/wp-content\/uploads\/2021\/05\/IMG_20210125_194334-750x1645.jpg 750w, https:\/\/www.carlosbretschneider.de\/wp-content\/uploads\/2021\/05\/IMG_20210125_194334-scaled.jpg 1167w\" sizes=\"auto, (max-width: 467px) 100vw, 467px\" \/><\/figure>\n\n\n\n<p>Betreuung diverser Sitzungen im Bayrischen Landtag mit Live-Stream<\/p>\n\n\n\n<p>Live-Stream diverser Gottesdienste und Veranstaltungen f\u00fcr das Erzbischh\u00f6fliche Ordinariat M\u00fcnchen<\/p>\n\n\n\n<figure class=\"wp-block-image size-large\"><img loading=\"lazy\" decoding=\"async\" width=\"1024\" height=\"768\" src=\"https:\/\/www.carlosbretschneider.de\/wp-content\/uploads\/2023\/01\/IMG20221207162349-2-1024x768.jpg\" alt=\"\" class=\"wp-image-429\" srcset=\"https:\/\/www.carlosbretschneider.de\/wp-content\/uploads\/2023\/01\/IMG20221207162349-2-1024x768.jpg 1024w, https:\/\/www.carlosbretschneider.de\/wp-content\/uploads\/2023\/01\/IMG20221207162349-2-300x225.jpg 300w, https:\/\/www.carlosbretschneider.de\/wp-content\/uploads\/2023\/01\/IMG20221207162349-2-768x576.jpg 768w, https:\/\/www.carlosbretschneider.de\/wp-content\/uploads\/2023\/01\/IMG20221207162349-2-1536x1152.jpg 1536w, https:\/\/www.carlosbretschneider.de\/wp-content\/uploads\/2023\/01\/IMG20221207162349-2-2048x1536.jpg 2048w, https:\/\/www.carlosbretschneider.de\/wp-content\/uploads\/2023\/01\/IMG20221207162349-2-750x563.jpg 750w\" sizes=\"auto, (max-width: 1024px) 100vw, 1024px\" \/><figcaption class=\"wp-element-caption\">Livestream Adventsgottesdienst Erzbisch\u00f6fliches Jugendamt M\u00fcnchen<\/figcaption><\/figure>\n\n\n\n<p>Live-Stream diverser Aktionen f\u00fcr die Deutsche Pfadfinderschaft St. Georg im Di\u00f6zesanverband M\u00fcnchen und Freising<\/p>\n","protected":false},"excerpt":{"rendered":"<p>Jugend Lichtgottesdienste im Pfarrverband Bogenhausen S\u00fcd: Kirchenbeleuchtung im Pfarrverband Bogenhausen Sch\u00e4ftlarn: diverse Sonderbauten: div.Weihnachtsbeleuchtungen: Betreuung diverser Sitzungen im Bayrischen Landtag mit Live-Stream Live-Stream diverser Gottesdienste und Veranstaltungen f\u00fcr das Erzbischh\u00f6fliche Ordinariat M\u00fcnchen Live-Stream diverser Aktionen f\u00fcr die Deutsche Pfadfinderschaft St. Georg im Di\u00f6zesanverband M\u00fcnchen und Freising<\/p>\n","protected":false},"author":1,"featured_media":0,"parent":0,"menu_order":0,"comment_status":"closed","ping_status":"closed","template":"","meta":{"footnotes":""},"class_list":["post-278","page","type-page","status-publish","hentry","nodate","item-wrap"],"_links":{"self":[{"href":"https:\/\/www.carlosbretschneider.de\/index.php?rest_route=\/wp\/v2\/pages\/278","targetHints":{"allow":["GET"]}}],"collection":[{"href":"https:\/\/www.carlosbretschneider.de\/index.php?rest_route=\/wp\/v2\/pages"}],"about":[{"href":"https:\/\/www.carlosbretschneider.de\/index.php?rest_route=\/wp\/v2\/types\/page"}],"author":[{"embeddable":true,"href":"https:\/\/www.carlosbretschneider.de\/index.php?rest_route=\/wp\/v2\/users\/1"}],"replies":[{"embeddable":true,"href":"https:\/\/www.carlosbretschneider.de\/index.php?rest_route=%2Fwp%2Fv2%2Fcomments&post=278"}],"version-history":[{"count":4,"href":"https:\/\/www.carlosbretschneider.de\/index.php?rest_route=\/wp\/v2\/pages\/278\/revisions"}],"predecessor-version":[{"id":431,"href":"https:\/\/www.carlosbretschneider.de\/index.php?rest_route=\/wp\/v2\/pages\/278\/revisions\/431"}],"wp:attachment":[{"href":"https:\/\/www.carlosbretschneider.de\/index.php?rest_route=%2Fwp%2Fv2%2Fmedia&parent=278"}],"curies":[{"name":"wp","href":"https:\/\/api.w.org\/{rel}","templated":true}]}}